{"id":497,"date":"2024-12-11T18:02:49","date_gmt":"2024-12-11T17:02:49","guid":{"rendered":"https:\/\/albaverappartamenti.it\/?page_id=497"},"modified":"2024-12-20T10:13:36","modified_gmt":"2024-12-20T09:13:36","slug":"plein-soleil","status":"publish","type":"page","link":"https:\/\/albaverappartamenti.it\/?page_id=497","title":{"rendered":"C\u00e0 Plein Soleil"},"content":{"rendered":"\n<figure class=\"wp-block-image size-full\"><img loading=\"lazy\" decoding=\"async\" width=\"720\" height=\"715\" src=\"https:\/\/albaverappartamenti.it\/wp-content\/uploads\/2024\/12\/plein-soleil-e1734429533433.png\" alt=\"\" class=\"wp-image-500\" srcset=\"https:\/\/albaverappartamenti.it\/wp-content\/uploads\/2024\/12\/plein-soleil-e1734429533433.png 720w, https:\/\/albaverappartamenti.it\/wp-content\/uploads\/2024\/12\/plein-soleil-e1734429533433-320x318.png 320w, https:\/\/albaverappartamenti.it\/wp-content\/uploads\/2024\/12\/plein-soleil-e1734429533433-150x150.png 150w, https:\/\/albaverappartamenti.it\/wp-content\/uploads\/2024\/12\/plein-soleil-e1734429533433-300x298.png 300w\" sizes=\"auto, (max-width: 720px) 100vw, 720px\" \/><\/figure>\n\n\n\n<p><a href=\"https:\/\/albaverappartamenti.it\/?page_id=397\">\u20ac &#8211; Listino prezzi<\/a><\/p>\n\n\n\n<p><\/p>\n\n\n\n<p>Ampio monolocale, composto da grande soggiorno con angolo cottura, 4 posti letto (divano letto matrimoniale e letto castello), bagno spazioso, balcone vista piste,&nbsp;accesso diretto sulle piste,&nbsp;&nbsp;box auto e sky box .<\/p>\n\n\n\n<p>A pochi passi dalla zona portici dove si trovano bar, ristoranti, panetteria, tabacchino farmacia e negozi.&nbsp;<\/p>\n\n\n\n<p>Monolocale Plein Soleil \u00e8 particolarmente adatto a famiglie e a coppie infatti la casa si presta perfettamente sia alle famiglie con figli che senza figli o ad amici.<\/p>\n\n\n\n<p>L\u2019ingresso della casa \u00e8 posto al quarto piano del complesso Plein Solei.&nbsp;<\/p>\n\n\n\n<p><\/p>\n\n\n\n<p><strong>Comfort<\/strong><\/p>\n\n\n\n<p>* Riscaldamento autonomo&nbsp;<\/p>\n\n\n\n<p>* Lavatrice<\/p>\n\n\n\n<p>* Microonde<\/p>\n\n\n\n<p>* Tv&nbsp;<\/p>\n\n\n\n<figure class=\"wp-block-image size-large\"><img loading=\"lazy\" decoding=\"async\" width=\"960\" height=\"720\" src=\"https:\/\/albaverappartamenti.it\/wp-content\/uploads\/2024\/12\/01-plain-soleil-960x720.jpg\" alt=\"\" class=\"wp-image-503\" style=\"object-fit:cover\" srcset=\"https:\/\/albaverappartamenti.it\/wp-content\/uploads\/2024\/12\/01-plain-soleil-960x720.jpg 960w, https:\/\/albaverappartamenti.it\/wp-content\/uploads\/2024\/12\/01-plain-soleil-320x240.jpg 320w, https:\/\/albaverappartamenti.it\/wp-content\/uploads\/2024\/12\/01-plain-soleil-768x576.jpg 768w, https:\/\/albaverappartamenti.it\/wp-content\/uploads\/2024\/12\/01-plain-soleil-1536x1152.jpg 1536w, https:\/\/albaverappartamenti.it\/wp-content\/uploads\/2024\/12\/01-plain-soleil-300x225.jpg 300w, https:\/\/albaverappartamenti.it\/wp-content\/uploads\/2024\/12\/01-plain-soleil-850x638.jpg 850w, https:\/\/albaverappartamenti.it\/wp-content\/uploads\/2024\/12\/01-plain-soleil.jpg 1600w\" sizes=\"auto, (max-width: 960px) 100vw, 960px\" \/><\/figure>\n\n\n\n<figure class=\"wp-block-image size-large\"><img loading=\"lazy\" decoding=\"async\" width=\"960\" height=\"720\" src=\"https:\/\/albaverappartamenti.it\/wp-content\/uploads\/2024\/12\/02-plain-soleil-960x720.jpg\" alt=\"\" class=\"wp-image-504\" srcset=\"https:\/\/albaverappartamenti.it\/wp-content\/uploads\/2024\/12\/02-plain-soleil-960x720.jpg 960w, https:\/\/albaverappartamenti.it\/wp-content\/uploads\/2024\/12\/02-plain-soleil-320x240.jpg 320w, https:\/\/albaverappartamenti.it\/wp-content\/uploads\/2024\/12\/02-plain-soleil-768x576.jpg 768w, https:\/\/albaverappartamenti.it\/wp-content\/uploads\/2024\/12\/02-plain-soleil-1536x1152.jpg 1536w, https:\/\/albaverappartamenti.it\/wp-content\/uploads\/2024\/12\/02-plain-soleil-300x225.jpg 300w, https:\/\/albaverappartamenti.it\/wp-content\/uploads\/2024\/12\/02-plain-soleil-850x638.jpg 850w, https:\/\/albaverappartamenti.it\/wp-content\/uploads\/2024\/12\/02-plain-soleil.jpg 1600w\" sizes=\"auto, (max-width: 960px) 100vw, 960px\" \/><\/figure>\n\n\n\n<figure class=\"wp-block-image size-large\"><img loading=\"lazy\" decoding=\"async\" width=\"960\" height=\"720\" src=\"https:\/\/albaverappartamenti.it\/wp-content\/uploads\/2024\/12\/03-plain-soleil-960x720.jpg\" alt=\"\" class=\"wp-image-505\" srcset=\"https:\/\/albaverappartamenti.it\/wp-content\/uploads\/2024\/12\/03-plain-soleil-960x720.jpg 960w, https:\/\/albaverappartamenti.it\/wp-content\/uploads\/2024\/12\/03-plain-soleil-320x240.jpg 320w, https:\/\/albaverappartamenti.it\/wp-content\/uploads\/2024\/12\/03-plain-soleil-768x576.jpg 768w, https:\/\/albaverappartamenti.it\/wp-content\/uploads\/2024\/12\/03-plain-soleil-1536x1152.jpg 1536w, https:\/\/albaverappartamenti.it\/wp-content\/uploads\/2024\/12\/03-plain-soleil-300x225.jpg 300w, https:\/\/albaverappartamenti.it\/wp-content\/uploads\/2024\/12\/03-plain-soleil-850x638.jpg 850w, https:\/\/albaverappartamenti.it\/wp-content\/uploads\/2024\/12\/03-plain-soleil.jpg 1600w\" sizes=\"auto, (max-width: 960px) 100vw, 960px\" \/><\/figure>\n\n\n\n<figure class=\"wp-block-image size-large\"><img loading=\"lazy\" decoding=\"async\" width=\"960\" height=\"754\" src=\"https:\/\/albaverappartamenti.it\/wp-content\/uploads\/2024\/12\/04-plain-soleil-960x754.jpg\" alt=\"\" class=\"wp-image-506\" srcset=\"https:\/\/albaverappartamenti.it\/wp-content\/uploads\/2024\/12\/04-plain-soleil-960x754.jpg 960w, https:\/\/albaverappartamenti.it\/wp-content\/uploads\/2024\/12\/04-plain-soleil-320x251.jpg 320w, https:\/\/albaverappartamenti.it\/wp-content\/uploads\/2024\/12\/04-plain-soleil-768x603.jpg 768w, https:\/\/albaverappartamenti.it\/wp-content\/uploads\/2024\/12\/04-plain-soleil-1536x1207.jpg 1536w, https:\/\/albaverappartamenti.it\/wp-content\/uploads\/2024\/12\/04-plain-soleil-300x236.jpg 300w, https:\/\/albaverappartamenti.it\/wp-content\/uploads\/2024\/12\/04-plain-soleil-850x668.jpg 850w, https:\/\/albaverappartamenti.it\/wp-content\/uploads\/2024\/12\/04-plain-soleil.jpg 1600w\" sizes=\"auto, (max-width: 960px) 100vw, 960px\" \/><\/figure>\n\n\n\n<figure class=\"wp-block-image size-large\"><img loading=\"lazy\" decoding=\"async\" width=\"960\" height=\"720\" src=\"https:\/\/albaverappartamenti.it\/wp-content\/uploads\/2024\/12\/06-plain-soleil-960x720.jpg\" alt=\"\" class=\"wp-image-507\" srcset=\"https:\/\/albaverappartamenti.it\/wp-content\/uploads\/2024\/12\/06-plain-soleil-960x720.jpg 960w, https:\/\/albaverappartamenti.it\/wp-content\/uploads\/2024\/12\/06-plain-soleil-320x240.jpg 320w, https:\/\/albaverappartamenti.it\/wp-content\/uploads\/2024\/12\/06-plain-soleil-768x576.jpg 768w, https:\/\/albaverappartamenti.it\/wp-content\/uploads\/2024\/12\/06-plain-soleil-1536x1152.jpg 1536w, https:\/\/albaverappartamenti.it\/wp-content\/uploads\/2024\/12\/06-plain-soleil-300x225.jpg 300w, https:\/\/albaverappartamenti.it\/wp-content\/uploads\/2024\/12\/06-plain-soleil-850x638.jpg 850w, https:\/\/albaverappartamenti.it\/wp-content\/uploads\/2024\/12\/06-plain-soleil.jpg 1600w\" sizes=\"auto, (max-width: 960px) 100vw, 960px\" \/><\/figure>\n\n\n\n<figure class=\"wp-block-image size-large\"><img loading=\"lazy\" decoding=\"async\" width=\"960\" height=\"720\" src=\"https:\/\/albaverappartamenti.it\/wp-content\/uploads\/2024\/12\/07-plain-soleil-960x720.jpg\" alt=\"\" class=\"wp-image-508\" srcset=\"https:\/\/albaverappartamenti.it\/wp-content\/uploads\/2024\/12\/07-plain-soleil-960x720.jpg 960w, https:\/\/albaverappartamenti.it\/wp-content\/uploads\/2024\/12\/07-plain-soleil-320x240.jpg 320w, https:\/\/albaverappartamenti.it\/wp-content\/uploads\/2024\/12\/07-plain-soleil-768x576.jpg 768w, https:\/\/albaverappartamenti.it\/wp-content\/uploads\/2024\/12\/07-plain-soleil-1536x1152.jpg 1536w, https:\/\/albaverappartamenti.it\/wp-content\/uploads\/2024\/12\/07-plain-soleil-300x225.jpg 300w, https:\/\/albaverappartamenti.it\/wp-content\/uploads\/2024\/12\/07-plain-soleil-850x638.jpg 850w, https:\/\/albaverappartamenti.it\/wp-content\/uploads\/2024\/12\/07-plain-soleil.jpg 1600w\" sizes=\"auto, (max-width: 960px) 100vw, 960px\" \/><\/figure>\n\n\n\n<figure class=\"wp-block-image size-large\"><img loading=\"lazy\" decoding=\"async\" width=\"960\" height=\"720\" src=\"https:\/\/albaverappartamenti.it\/wp-content\/uploads\/2024\/12\/08-plain-soleil-960x720.jpg\" alt=\"\" class=\"wp-image-509\" srcset=\"https:\/\/albaverappartamenti.it\/wp-content\/uploads\/2024\/12\/08-plain-soleil-960x720.jpg 960w, https:\/\/albaverappartamenti.it\/wp-content\/uploads\/2024\/12\/08-plain-soleil-320x240.jpg 320w, https:\/\/albaverappartamenti.it\/wp-content\/uploads\/2024\/12\/08-plain-soleil-768x576.jpg 768w, https:\/\/albaverappartamenti.it\/wp-content\/uploads\/2024\/12\/08-plain-soleil-1536x1152.jpg 1536w, https:\/\/albaverappartamenti.it\/wp-content\/uploads\/2024\/12\/08-plain-soleil-300x225.jpg 300w, https:\/\/albaverappartamenti.it\/wp-content\/uploads\/2024\/12\/08-plain-soleil-850x638.jpg 850w, https:\/\/albaverappartamenti.it\/wp-content\/uploads\/2024\/12\/08-plain-soleil.jpg 1600w\" sizes=\"auto, (max-width: 960px) 100vw, 960px\" \/><\/figure>\n\n\n\n<figure class=\"wp-block-image size-large\"><img loading=\"lazy\" decoding=\"async\" width=\"960\" height=\"720\" src=\"https:\/\/albaverappartamenti.it\/wp-content\/uploads\/2024\/12\/09-plain-soleil-960x720.jpg\" alt=\"\" class=\"wp-image-510\" srcset=\"https:\/\/albaverappartamenti.it\/wp-content\/uploads\/2024\/12\/09-plain-soleil-960x720.jpg 960w, https:\/\/albaverappartamenti.it\/wp-content\/uploads\/2024\/12\/09-plain-soleil-320x240.jpg 320w, https:\/\/albaverappartamenti.it\/wp-content\/uploads\/2024\/12\/09-plain-soleil-768x576.jpg 768w, https:\/\/albaverappartamenti.it\/wp-content\/uploads\/2024\/12\/09-plain-soleil-1536x1152.jpg 1536w, https:\/\/albaverappartamenti.it\/wp-content\/uploads\/2024\/12\/09-plain-soleil-300x225.jpg 300w, https:\/\/albaverappartamenti.it\/wp-content\/uploads\/2024\/12\/09-plain-soleil-850x638.jpg 850w, https:\/\/albaverappartamenti.it\/wp-content\/uploads\/2024\/12\/09-plain-soleil.jpg 1600w\" sizes=\"auto, (max-width: 960px) 100vw, 960px\" \/><\/figure>\n\n\n\n<figure class=\"wp-block-image size-large\"><img loading=\"lazy\" decoding=\"async\" width=\"960\" height=\"720\" src=\"https:\/\/albaverappartamenti.it\/wp-content\/uploads\/2024\/12\/10-plain-soleil-960x720.jpg\" alt=\"\" class=\"wp-image-511\" srcset=\"https:\/\/albaverappartamenti.it\/wp-content\/uploads\/2024\/12\/10-plain-soleil-960x720.jpg 960w, https:\/\/albaverappartamenti.it\/wp-content\/uploads\/2024\/12\/10-plain-soleil-320x240.jpg 320w, https:\/\/albaverappartamenti.it\/wp-content\/uploads\/2024\/12\/10-plain-soleil-768x576.jpg 768w, https:\/\/albaverappartamenti.it\/wp-content\/uploads\/2024\/12\/10-plain-soleil-1536x1152.jpg 1536w, https:\/\/albaverappartamenti.it\/wp-content\/uploads\/2024\/12\/10-plain-soleil-300x225.jpg 300w, https:\/\/albaverappartamenti.it\/wp-content\/uploads\/2024\/12\/10-plain-soleil-850x638.jpg 850w, https:\/\/albaverappartamenti.it\/wp-content\/uploads\/2024\/12\/10-plain-soleil.jpg 1600w\" sizes=\"auto, (max-width: 960px) 100vw, 960px\" \/><\/figure>\n\n\n\n<figure class=\"wp-block-image size-large\"><img loading=\"lazy\" decoding=\"async\" width=\"960\" height=\"720\" src=\"https:\/\/albaverappartamenti.it\/wp-content\/uploads\/2024\/12\/11-plain-soleil-960x720.jpg\" alt=\"\" class=\"wp-image-512\" srcset=\"https:\/\/albaverappartamenti.it\/wp-content\/uploads\/2024\/12\/11-plain-soleil-960x720.jpg 960w, https:\/\/albaverappartamenti.it\/wp-content\/uploads\/2024\/12\/11-plain-soleil-320x240.jpg 320w, https:\/\/albaverappartamenti.it\/wp-content\/uploads\/2024\/12\/11-plain-soleil-768x576.jpg 768w, https:\/\/albaverappartamenti.it\/wp-content\/uploads\/2024\/12\/11-plain-soleil-1536x1152.jpg 1536w, https:\/\/albaverappartamenti.it\/wp-content\/uploads\/2024\/12\/11-plain-soleil-300x225.jpg 300w, https:\/\/albaverappartamenti.it\/wp-content\/uploads\/2024\/12\/11-plain-soleil-850x638.jpg 850w, https:\/\/albaverappartamenti.it\/wp-content\/uploads\/2024\/12\/11-plain-soleil.jpg 1600w\" sizes=\"auto, (max-width: 960px) 100vw, 960px\" \/><\/figure>\n\n\n\n<figure class=\"wp-block-image size-large\"><img loading=\"lazy\" decoding=\"async\" width=\"960\" height=\"764\" src=\"https:\/\/albaverappartamenti.it\/wp-content\/uploads\/2024\/12\/12-plain-soleil-960x764.jpg\" alt=\"\" class=\"wp-image-513\" srcset=\"https:\/\/albaverappartamenti.it\/wp-content\/uploads\/2024\/12\/12-plain-soleil-960x764.jpg 960w, https:\/\/albaverappartamenti.it\/wp-content\/uploads\/2024\/12\/12-plain-soleil-320x255.jpg 320w, https:\/\/albaverappartamenti.it\/wp-content\/uploads\/2024\/12\/12-plain-soleil-768x611.jpg 768w, https:\/\/albaverappartamenti.it\/wp-content\/uploads\/2024\/12\/12-plain-soleil-1536x1222.jpg 1536w, https:\/\/albaverappartamenti.it\/wp-content\/uploads\/2024\/12\/12-plain-soleil-300x239.jpg 300w, https:\/\/albaverappartamenti.it\/wp-content\/uploads\/2024\/12\/12-plain-soleil-850x676.jpg 850w, https:\/\/albaverappartamenti.it\/wp-content\/uploads\/2024\/12\/12-plain-soleil.jpg 1600w\" sizes=\"auto, (max-width: 960px) 100vw, 960px\" \/><\/figure>\n\n\n\n<figure class=\"wp-block-image size-large\"><img loading=\"lazy\" decoding=\"async\" width=\"960\" height=\"720\" src=\"https:\/\/albaverappartamenti.it\/wp-content\/uploads\/2024\/12\/13-plain-soleil-960x720.jpg\" alt=\"\" class=\"wp-image-514\" srcset=\"https:\/\/albaverappartamenti.it\/wp-content\/uploads\/2024\/12\/13-plain-soleil-960x720.jpg 960w, https:\/\/albaverappartamenti.it\/wp-content\/uploads\/2024\/12\/13-plain-soleil-320x240.jpg 320w, https:\/\/albaverappartamenti.it\/wp-content\/uploads\/2024\/12\/13-plain-soleil-768x576.jpg 768w, https:\/\/albaverappartamenti.it\/wp-content\/uploads\/2024\/12\/13-plain-soleil-1536x1152.jpg 1536w, https:\/\/albaverappartamenti.it\/wp-content\/uploads\/2024\/12\/13-plain-soleil-300x225.jpg 300w, https:\/\/albaverappartamenti.it\/wp-content\/uploads\/2024\/12\/13-plain-soleil-850x638.jpg 850w, https:\/\/albaverappartamenti.it\/wp-content\/uploads\/2024\/12\/13-plain-soleil.jpg 1600w\" sizes=\"auto, (max-width: 960px) 100vw, 960px\" \/><\/figure>\n\n\n\n<h1 class=\"wp-block-heading\">Prato Nevoso: Un Paradiso per Tutte le Stagioni<\/h1>\n\n\n\n<p>Prato Nevoso \u00e8 la meta perfetta per chi cerca sport, relax e natura, sia in inverno che in estate.<\/p>\n\n\n\n<p>Prato Nevoso, situata nel cuore delle Alpi Marittime, \u00e8 una delle localit\u00e0 sciistiche pi\u00f9 apprezzate del Nord Italia. Con oltre 100 km di piste perfettamente preparate, adatte a sciatori di ogni livello, dai principianti agli esperti, offre divertimento assicurato per tutta la famiglia.<\/p>\n\n\n\n<p>\u2022 Sci notturno: Vivi un\u2019esperienza unica scendendo sulle piste illuminate. Prato Nevoso vanta una delle migliori offerte di sci in notturna, regalando momenti magici sotto le stelle.<\/p>\n\n\n\n<p>\u2022 Snowpark: Gli appassionati di freestyle troveranno uno snowpark moderno e attrezzato, ideale per evoluzioni e acrobazie.<\/p>\n\n\n\n<p>\u2022 Servizi e Scuole di Sci: Numerosi maestri qualificati sono disponibili per lezioni private o di gruppo, perfette per chi vuole imparare o migliorare la tecnica.<\/p>\n\n\n\n<p>Non solo sci! Prato Nevoso offre molte altre attivit\u00e0:<\/p>\n\n\n\n<p>\u2022 Ciaspolate: Esplora i panorami innevati con le racchette da neve su sentieri dedicati.<\/p>\n\n\n\n<p>\u2022 Slittino e pattinaggio: Divertimento assicurato per grandi e piccini.<\/p>\n\n\n\n<p>\u2022 Relax: Rifugi e baite accoglienti dove gustare piatti tipici della cucina piemontese e rilassarsi davanti a un camino acceso.<\/p>\n\n\n\n<p>Anche in estate Prato Nevoso non perde il suo fascino. Il clima fresco e l\u2019aria pura rendono questa localit\u00e0 perfetta per una vacanza all\u2019insegna della natura e dell\u2019attivit\u00e0 all\u2019aperto.<\/p>\n\n\n\n<p>\u2022 Trekking: Decine di sentieri immersi nel verde permettono di scoprire panorami mozzafiato, dai pascoli alpini ai laghi montani.<\/p>\n\n\n\n<p>\u2022 Bike Park e MTB: Gli appassionati di mountain bike troveranno percorsi adrenalinici e un bike park attrezzato con tracciati per tutti i livelli.<\/p>\n\n\n\n<p>\u2022 Eventi e manifestazioni: Durante l\u2019estate il paese si anima con festival, concerti e mercatini artigianali, creando un\u2019atmosfera vivace e accogliente.<\/p>\n\n\n\n<p>Prato Nevoso non \u00e8 solo sport e natura, ma anche un luogo ideale per rilassarsi e godersi il tempo libero:<\/p>\n\n\n\n<p>\u2022 Shopping e servizi: Piccoli negozi, boutique e punti vendita di articoli sportivi.<\/p>\n\n\n\n<p>\u2022 Gastronomia: Ristoranti e bar offrono specialit\u00e0 locali, dai formaggi alle carni, accompagnate dai rinomati vini piemontesi.<\/p>\n\n\n\n<p>\u2022 Per le famiglie: Area giochi e attivit\u00e0 dedicate ai pi\u00f9 piccoli, per una vacanza serena e divertente.<\/p>\n","protected":false},"excerpt":{"rendered":"<p>\u20ac &#8211; Listino prezzi Ampio monolocale, composto da grande soggiorno con angolo cottura, 4 posti letto (divano letto matrimoniale e letto castello), bagno spazioso, balcone vista piste,&nbsp;accesso diretto sulle piste,&nbsp;&nbsp;box auto e sky box . A pochi passi dalla zona portici dove si trovano bar, ristoranti, panetteria, tabacchino farmacia e&#8230;<\/p>\n","protected":false},"author":2,"featured_media":0,"parent":0,"menu_order":0,"comment_status":"closed","ping_status":"closed","template":"","meta":{"footnotes":""},"class_list":["post-497","page","type-page","status-publish","hentry"],"yoast_head":"<!-- This site is optimized with the Yoast SEO plugin v27.4 - https:\/\/yoast.com\/product\/yoast-seo-wordpress\/ -->\n<title>C\u00e0 Plein Soleil - Albavera Appartamenti<\/title>\n<meta name=\"robots\" content=\"index, follow, max-snippet:-1, max-image-preview:large, max-video-preview:-1\" \/>\n<link rel=\"canonical\" href=\"https:\/\/albaverappartamenti.it\/?page_id=497\" \/>\n<meta property=\"og:locale\" content=\"it_IT\" \/>\n<meta property=\"og:type\" content=\"article\" \/>\n<meta property=\"og:title\" content=\"C\u00e0 Plein Soleil - Albavera Appartamenti\" \/>\n<meta property=\"og:description\" content=\"\u20ac &#8211; Listino prezzi Ampio monolocale, composto da grande soggiorno con angolo cottura, 4 posti letto (divano letto matrimoniale e letto castello), bagno spazioso, balcone vista piste,&nbsp;accesso diretto sulle piste,&nbsp;&nbsp;box auto e sky box . A pochi passi dalla zona portici dove si trovano bar, ristoranti, panetteria, tabacchino farmacia e...\" \/>\n<meta property=\"og:url\" content=\"https:\/\/albaverappartamenti.it\/?page_id=497\" \/>\n<meta property=\"og:site_name\" content=\"Albavera Appartamenti\" \/>\n<meta property=\"article:modified_time\" content=\"2024-12-20T09:13:36+00:00\" \/>\n<meta property=\"og:image\" content=\"https:\/\/albaverappartamenti.it\/wp-content\/uploads\/2024\/12\/plein-soleil-e1734429533433.png\" \/>\n\t<meta property=\"og:image:width\" content=\"720\" \/>\n\t<meta property=\"og:image:height\" content=\"715\" \/>\n\t<meta property=\"og:image:type\" content=\"image\/png\" \/>\n<meta name=\"twitter:card\" content=\"summary_large_image\" \/>\n<meta name=\"twitter:label1\" content=\"Tempo di lettura stimato\" \/>\n\t<meta name=\"twitter:data1\" content=\"6 minuti\" \/>\n<script type=\"application\/ld+json\" class=\"yoast-schema-graph\">{\"@context\":\"https:\\\/\\\/schema.org\",\"@graph\":[{\"@type\":\"WebPage\",\"@id\":\"https:\\\/\\\/albaverappartamenti.it\\\/?page_id=497\",\"url\":\"https:\\\/\\\/albaverappartamenti.it\\\/?page_id=497\",\"name\":\"C\u00e0 Plein Soleil - Albavera Appartamenti\",\"isPartOf\":{\"@id\":\"https:\\\/\\\/albaverappartamenti.it\\\/#website\"},\"primaryImageOfPage\":{\"@id\":\"https:\\\/\\\/albaverappartamenti.it\\\/?page_id=497#primaryimage\"},\"image\":{\"@id\":\"https:\\\/\\\/albaverappartamenti.it\\\/?page_id=497#primaryimage\"},\"thumbnailUrl\":\"https:\\\/\\\/albaverappartamenti.it\\\/wp-content\\\/uploads\\\/2024\\\/12\\\/plein-soleil-e1734429533433.png\",\"datePublished\":\"2024-12-11T17:02:49+00:00\",\"dateModified\":\"2024-12-20T09:13:36+00:00\",\"breadcrumb\":{\"@id\":\"https:\\\/\\\/albaverappartamenti.it\\\/?page_id=497#breadcrumb\"},\"inLanguage\":\"it-IT\",\"potentialAction\":[{\"@type\":\"ReadAction\",\"target\":[\"https:\\\/\\\/albaverappartamenti.it\\\/?page_id=497\"]}]},{\"@type\":\"ImageObject\",\"inLanguage\":\"it-IT\",\"@id\":\"https:\\\/\\\/albaverappartamenti.it\\\/?page_id=497#primaryimage\",\"url\":\"https:\\\/\\\/albaverappartamenti.it\\\/wp-content\\\/uploads\\\/2024\\\/12\\\/plein-soleil-e1734429533433.png\",\"contentUrl\":\"https:\\\/\\\/albaverappartamenti.it\\\/wp-content\\\/uploads\\\/2024\\\/12\\\/plein-soleil-e1734429533433.png\",\"width\":720,\"height\":715},{\"@type\":\"BreadcrumbList\",\"@id\":\"https:\\\/\\\/albaverappartamenti.it\\\/?page_id=497#breadcrumb\",\"itemListElement\":[{\"@type\":\"ListItem\",\"position\":1,\"name\":\"Home\",\"item\":\"https:\\\/\\\/albaverappartamenti.it\\\/\"},{\"@type\":\"ListItem\",\"position\":2,\"name\":\"C\u00e0 Plein Soleil\"}]},{\"@type\":\"WebSite\",\"@id\":\"https:\\\/\\\/albaverappartamenti.it\\\/#website\",\"url\":\"https:\\\/\\\/albaverappartamenti.it\\\/\",\"name\":\"Albavera Appartamenti\",\"description\":\"LA TUA VACANZA A SAN BARTOLOMEO AL MARE\",\"potentialAction\":[{\"@type\":\"SearchAction\",\"target\":{\"@type\":\"EntryPoint\",\"urlTemplate\":\"https:\\\/\\\/albaverappartamenti.it\\\/?s={search_term_string}\"},\"query-input\":{\"@type\":\"PropertyValueSpecification\",\"valueRequired\":true,\"valueName\":\"search_term_string\"}}],\"inLanguage\":\"it-IT\"}]}<\/script>\n<!-- \/ Yoast SEO plugin. -->","yoast_head_json":{"title":"C\u00e0 Plein Soleil - Albavera Appartamenti","robots":{"index":"index","follow":"follow","max-snippet":"max-snippet:-1","max-image-preview":"max-image-preview:large","max-video-preview":"max-video-preview:-1"},"canonical":"https:\/\/albaverappartamenti.it\/?page_id=497","og_locale":"it_IT","og_type":"article","og_title":"C\u00e0 Plein Soleil - Albavera Appartamenti","og_description":"\u20ac &#8211; Listino prezzi Ampio monolocale, composto da grande soggiorno con angolo cottura, 4 posti letto (divano letto matrimoniale e letto castello), bagno spazioso, balcone vista piste,&nbsp;accesso diretto sulle piste,&nbsp;&nbsp;box auto e sky box . A pochi passi dalla zona portici dove si trovano bar, ristoranti, panetteria, tabacchino farmacia e...","og_url":"https:\/\/albaverappartamenti.it\/?page_id=497","og_site_name":"Albavera Appartamenti","article_modified_time":"2024-12-20T09:13:36+00:00","og_image":[{"width":720,"height":715,"url":"https:\/\/albaverappartamenti.it\/wp-content\/uploads\/2024\/12\/plein-soleil-e1734429533433.png","type":"image\/png"}],"twitter_card":"summary_large_image","twitter_misc":{"Tempo di lettura stimato":"6 minuti"},"schema":{"@context":"https:\/\/schema.org","@graph":[{"@type":"WebPage","@id":"https:\/\/albaverappartamenti.it\/?page_id=497","url":"https:\/\/albaverappartamenti.it\/?page_id=497","name":"C\u00e0 Plein Soleil - Albavera Appartamenti","isPartOf":{"@id":"https:\/\/albaverappartamenti.it\/#website"},"primaryImageOfPage":{"@id":"https:\/\/albaverappartamenti.it\/?page_id=497#primaryimage"},"image":{"@id":"https:\/\/albaverappartamenti.it\/?page_id=497#primaryimage"},"thumbnailUrl":"https:\/\/albaverappartamenti.it\/wp-content\/uploads\/2024\/12\/plein-soleil-e1734429533433.png","datePublished":"2024-12-11T17:02:49+00:00","dateModified":"2024-12-20T09:13:36+00:00","breadcrumb":{"@id":"https:\/\/albaverappartamenti.it\/?page_id=497#breadcrumb"},"inLanguage":"it-IT","potentialAction":[{"@type":"ReadAction","target":["https:\/\/albaverappartamenti.it\/?page_id=497"]}]},{"@type":"ImageObject","inLanguage":"it-IT","@id":"https:\/\/albaverappartamenti.it\/?page_id=497#primaryimage","url":"https:\/\/albaverappartamenti.it\/wp-content\/uploads\/2024\/12\/plein-soleil-e1734429533433.png","contentUrl":"https:\/\/albaverappartamenti.it\/wp-content\/uploads\/2024\/12\/plein-soleil-e1734429533433.png","width":720,"height":715},{"@type":"BreadcrumbList","@id":"https:\/\/albaverappartamenti.it\/?page_id=497#breadcrumb","itemListElement":[{"@type":"ListItem","position":1,"name":"Home","item":"https:\/\/albaverappartamenti.it\/"},{"@type":"ListItem","position":2,"name":"C\u00e0 Plein Soleil"}]},{"@type":"WebSite","@id":"https:\/\/albaverappartamenti.it\/#website","url":"https:\/\/albaverappartamenti.it\/","name":"Albavera Appartamenti","description":"LA TUA VACANZA A SAN BARTOLOMEO AL MARE","potentialAction":[{"@type":"SearchAction","target":{"@type":"EntryPoint","urlTemplate":"https:\/\/albaverappartamenti.it\/?s={search_term_string}"},"query-input":{"@type":"PropertyValueSpecification","valueRequired":true,"valueName":"search_term_string"}}],"inLanguage":"it-IT"}]}},"_links":{"self":[{"href":"https:\/\/albaverappartamenti.it\/index.php?rest_route=\/wp\/v2\/pages\/497","targetHints":{"allow":["GET"]}}],"collection":[{"href":"https:\/\/albaverappartamenti.it\/index.php?rest_route=\/wp\/v2\/pages"}],"about":[{"href":"https:\/\/albaverappartamenti.it\/index.php?rest_route=\/wp\/v2\/types\/page"}],"author":[{"embeddable":true,"href":"https:\/\/albaverappartamenti.it\/index.php?rest_route=\/wp\/v2\/users\/2"}],"replies":[{"embeddable":true,"href":"https:\/\/albaverappartamenti.it\/index.php?rest_route=%2Fwp%2Fv2%2Fcomments&post=497"}],"version-history":[{"count":12,"href":"https:\/\/albaverappartamenti.it\/index.php?rest_route=\/wp\/v2\/pages\/497\/revisions"}],"predecessor-version":[{"id":542,"href":"https:\/\/albaverappartamenti.it\/index.php?rest_route=\/wp\/v2\/pages\/497\/revisions\/542"}],"wp:attachment":[{"href":"https:\/\/albaverappartamenti.it\/index.php?rest_route=%2Fwp%2Fv2%2Fmedia&parent=497"}],"curies":[{"name":"wp","href":"https:\/\/api.w.org\/{rel}","templated":true}]}}